{"id":544,"date":"2026-01-07T19:12:48","date_gmt":"2026-01-07T18:12:48","guid":{"rendered":"https:\/\/ridewithkornel.com\/contact\/"},"modified":"2026-01-26T14:17:19","modified_gmt":"2026-01-26T13:17:19","slug":"contact","status":"publish","type":"page","link":"https:\/\/ridewithkornel.com\/en\/contact\/","title":{"rendered":"CONTACT"},"content":{"rendered":"<div data-elementor-type=\"wp-post\" data-elementor-id=\"544\" class=\"elementor elementor-544\">\n\t\t\t\t<div class=\"elementor-element elementor-element-1e6bb73 e-flex e-con-boxed e-con e-parent\" data-id=\"1e6bb73\" data-element_type=\"container\" data-settings=\"{&quot;background_background&quot;:&quot;classic&quot;}\">\n\t\t\t\t\t<div class=\"e-con-inner\">\n\t\t<div class=\"elementor-element elementor-element-2ebda9e e-con-full e-flex e-con e-child\" data-id=\"2ebda9e\" data-element_type=\"container\">\n\t\t\t\t<div class=\"elementor-element elementor-element-9874375 elementor-widget elementor-widget-heading\" data-id=\"9874375\" data-element_type=\"widget\" data-widget_type=\"heading.default\">\n\t\t\t\t<div class=\"elementor-widget-container\">\n\t\t\t\t\t<h1 class=\"elementor-heading-title elementor-size-default\">Contact<\/h1>\t\t\t\t<\/div>\n\t\t\t\t<\/div>\n\t\t\t\t<\/div>\n\t\t\t\t\t<\/div>\n\t\t\t\t<\/div>\n\t\t<div class=\"elementor-element elementor-element-cd4c11c e-flex e-con-boxed e-con e-parent\" data-id=\"cd4c11c\" data-element_type=\"container\">\n\t\t\t\t\t<div class=\"e-con-inner\">\n\t\t<div class=\"elementor-element elementor-element-cc18c47 e-con-full e-flex e-con e-child\" data-id=\"cc18c47\" data-element_type=\"container\">\n\t\t<div class=\"elementor-element elementor-element-701130c e-con-full e-flex e-con e-child\" data-id=\"701130c\" data-element_type=\"container\">\n\t\t\t\t<div class=\"elementor-element elementor-element-5e86db5 elementor-widget elementor-widget-heading\" data-id=\"5e86db5\" data-element_type=\"widget\" data-widget_type=\"heading.default\">\n\t\t\t\t<div class=\"elementor-widget-container\">\n\t\t\t\t\t<h2 class=\"elementor-heading-title elementor-size-default\">Contact<\/h2>\t\t\t\t<\/div>\n\t\t\t\t<\/div>\n\t\t\t\t<div class=\"elementor-element elementor-element-6d531d1 elementor-widget elementor-widget-icon-box\" data-id=\"6d531d1\" data-element_type=\"widget\" data-widget_type=\"icon-box.default\">\n\t\t\t\t<div class=\"elementor-widget-container\">\n\t\t\t\t\t\t\t<div class=\"elementor-icon-box-wrapper\">\n\n\t\t\t\n\t\t\t\t\t\t<div class=\"elementor-icon-box-content\">\n\n\t\t\t\t\t\t\t\t\t<h5 class=\"elementor-icon-box-title\">\n\t\t\t\t\t\t<span  >\n\t\t\t\t\t\t\tPhone \/ WhatsApp\t\t\t\t\t\t<\/span>\n\t\t\t\t\t<\/h5>\n\t\t\t\t\n\t\t\t\t\t\t\t\t\t<p class=\"elementor-icon-box-description\">\n\t\t\t\t\t\t+48 572 829 248, mon - sun 9:00 - 18:00\t\t\t\t\t<\/p>\n\t\t\t\t\n\t\t\t<\/div>\n\t\t\t\n\t\t<\/div>\n\t\t\t\t\t\t<\/div>\n\t\t\t\t<\/div>\n\t\t\t\t<div class=\"elementor-element elementor-element-50637d7 elementor-widget elementor-widget-icon-box\" data-id=\"50637d7\" data-element_type=\"widget\" data-widget_type=\"icon-box.default\">\n\t\t\t\t<div class=\"elementor-widget-container\">\n\t\t\t\t\t\t\t<div class=\"elementor-icon-box-wrapper\">\n\n\t\t\t\n\t\t\t\t\t\t<div class=\"elementor-icon-box-content\">\n\n\t\t\t\t\t\t\t\t\t<h5 class=\"elementor-icon-box-title\">\n\t\t\t\t\t\t<span  >\n\t\t\t\t\t\t\tE- mail\t\t\t\t\t\t<\/span>\n\t\t\t\t\t<\/h5>\n\t\t\t\t\n\t\t\t\t\t\t\t\t\t<p class=\"elementor-icon-box-description\">\n\t\t\t\t\t\tridewithkornel@gmail.com\t\t\t\t\t<\/p>\n\t\t\t\t\n\t\t\t<\/div>\n\t\t\t\n\t\t<\/div>\n\t\t\t\t\t\t<\/div>\n\t\t\t\t<\/div>\n\t\t\t\t<div class=\"elementor-element elementor-element-8394657 elementor-widget elementor-widget-heading\" data-id=\"8394657\" data-element_type=\"widget\" data-widget_type=\"heading.default\">\n\t\t\t\t<div class=\"elementor-widget-container\">\n\t\t\t\t\t<h5 class=\"elementor-heading-title elementor-size-default\">Instagram<\/h5>\t\t\t\t<\/div>\n\t\t\t\t<\/div>\n\t\t\t\t<div class=\"elementor-element elementor-element-d12cf67 e-grid-align-left e-grid-align-mobile-left elementor-grid-mobile-3 elementor-shape-rounded elementor-grid-0 elementor-widget elementor-widget-social-icons\" data-id=\"d12cf67\" data-element_type=\"widget\" data-widget_type=\"social-icons.default\">\n\t\t\t\t<div class=\"elementor-widget-container\">\n\t\t\t\t\t\t\t<div class=\"elementor-social-icons-wrapper elementor-grid\">\n\t\t\t\t\t\t\t<span class=\"elementor-grid-item\">\n\t\t\t\t\t<a class=\"elementor-icon elementor-social-icon elementor-social-icon-instagram elementor-repeater-item-b476726\" href=\"https:\/\/www.instagram.com\/ridewithkornel\/\" target=\"_blank\">\n\t\t\t\t\t\t<span class=\"elementor-screen-only\">Instagram<\/span>\n\t\t\t\t\t\t<i aria-hidden=\"true\" class=\"fab fa-instagram\"><\/i>\t\t\t\t\t<\/a>\n\t\t\t\t<\/span>\n\t\t\t\t\t<\/div>\n\t\t\t\t\t\t<\/div>\n\t\t\t\t<\/div>\n\t\t\t\t<\/div>\n\t\t\t\t<\/div>\n\t\t\t\t<div class=\"elementor-element elementor-element-4feacc4 elementor-widget elementor-widget-wpforms\" data-id=\"4feacc4\" data-element_type=\"widget\" data-widget_type=\"wpforms.default\">\n\t\t\t\t<div class=\"elementor-widget-container\">\n\t\t\t\t\t<div class=\"wpforms-container\" id=\"wpforms-2114\"><form id=\"wpforms-form-2114\" class=\"wpforms-validate wpforms-form wpforms-ajax-form\" data-formid=\"2114\" method=\"post\" enctype=\"multipart\/form-data\" action=\"\/en\/wp-json\/wp\/v2\/pages\/544\" data-token=\"4e4f142d34b857c346c4695c4d3cf207\" data-token-time=\"1776522669\" data-trp-original-action=\"\/en\/wp-json\/wp\/v2\/pages\/544\"><noscript class=\"wpforms-error-noscript\">Please enable JavaScript in your browser to complete this form.<\/noscript><div class=\"wpforms-field-container\"><div id=\"wpforms-2114-field_1-container\" class=\"wpforms-field wpforms-field-name\" data-field-id=\"1\"><label class=\"wpforms-field-label\" for=\"wpforms-2114-field_1\">First and last name <span class=\"wpforms-required-label\">*<\/span><\/label><input type=\"text\" id=\"wpforms-2114-field_1\" class=\"wpforms-field-medium wpforms-field-required\" name=\"wpforms[fields][1]\" required><\/div><div id=\"wpforms-2114-field_2-container\" class=\"wpforms-field wpforms-field-email\" data-field-id=\"2\"><label class=\"wpforms-field-label\" for=\"wpforms-2114-field_2\">Your email address <span class=\"wpforms-required-label\">*<\/span><\/label><input type=\"email\" id=\"wpforms-2114-field_2\" class=\"wpforms-field-medium wpforms-field-required\" name=\"wpforms[fields][2]\" spellcheck=\"false\" required><\/div><div id=\"wpforms-2114-field_7-container\" class=\"wpforms-field wpforms-field-text\" data-field-id=\"7\"><label class=\"wpforms-field-label\" for=\"wpforms-2114-field_7\">Your phone number <span class=\"wpforms-required-label\">*<\/span><\/label><input type=\"text\" id=\"wpforms-2114-field_7\" class=\"wpforms-field-medium wpforms-field-required\" name=\"wpforms[fields][7]\" required><\/div><div id=\"wpforms-2114-field_6-container\" class=\"wpforms-field wpforms-field-text\" data-field-id=\"6\"><label class=\"wpforms-field-label\" for=\"wpforms-2114-field_6\">Date of the trip<\/label><input type=\"text\" id=\"wpforms-2114-field_6\" class=\"wpforms-field-medium\" name=\"wpforms[fields][6]\" ><\/div>\t\t<div id=\"wpforms-2114-field_8-container\"\n\t\t\tclass=\"wpforms-field wpforms-field-text\"\n\t\t\tdata-field-type=\"text\"\n\t\t\tdata-field-id=\"8\"\n\t\t\t>\n\t\t\t<label class=\"wpforms-field-label\" for=\"wpforms-2114-field_8\" >Pola wycieczki adres<\/label>\n\t\t\t<input type=\"text\" id=\"wpforms-2114-field_8\" class=\"wpforms-field-medium\" name=\"wpforms[fields][8]\" >\n\t\t<\/div>\n\t\t<div id=\"wpforms-2114-field_3-container\" class=\"wpforms-field wpforms-field-textarea\" data-field-id=\"3\"><label class=\"wpforms-field-label\" for=\"wpforms-2114-field_3\">Your message<\/label><textarea id=\"wpforms-2114-field_3\" class=\"wpforms-field-medium\" name=\"wpforms[fields][3]\" ><\/textarea><\/div><div id=\"wpforms-2114-field_4-container\" class=\"wpforms-field wpforms-field-select wpforms-field-select-style-classic\" data-field-id=\"4\"><label class=\"wpforms-field-label\" for=\"wpforms-2114-field_4\">Drop-down list<\/label><select id=\"wpforms-2114-field_4\" class=\"wpforms-field-medium\" name=\"wpforms[fields][4]\"><option value=\"Wycieczka indywidualna (premium)\"  selected='selected' class=\"choice-1 depth-1\"  >Individual trip (premium)<\/option><option value=\"Wycieczka grupowa\"  class=\"choice-2 depth-1\"  >Group trip<\/option><option value=\"Oferta specjalna\"  class=\"choice-3 depth-1\"  >Special offer<\/option><option value=\"Dla wypo\u017cyczalni rower\u00f3w oraz biur podr\u00f3\u017cy\"  class=\"choice-5 depth-1\"  >For bike rental companies and travel agencies<\/option><\/select><\/div><div id=\"wpforms-2114-field_5-container\" class=\"wpforms-field wpforms-field-checkbox\" data-field-id=\"5\"><label class=\"wpforms-field-label wpforms-label-hide\">Checkboxes <span class=\"wpforms-required-label\">*<\/span><\/label><ul id=\"wpforms-2114-field_5\" class=\"wpforms-field-required\"><li class=\"choice-3 depth-1\"><input type=\"checkbox\" id=\"wpforms-2114-field_5_3\" name=\"wpforms[fields][5][]\" value=\"Wyra\u017cam zgod\u0119 na przetwarzanie moich danych zgodnie z &lt;a href=&quot;https:\/\/ridewithkornel.com\/polityka-prywatnosci\/&quot;&gt; polityka prywatno\u015bci &lt;\/a&gt;\" required><label class=\"wpforms-field-label-inline\" for=\"wpforms-2114-field_5_3\">I consent to the processing of my data in accordance with <a href=\"https:\/\/ridewithkornel.com\/en\/polityka-prywatnosci\/\"> privacy policy <\/a><\/label><\/li><\/ul><\/div><script>\n\t\t\t\t( function() {\n\t\t\t\t\tconst style = document.createElement( 'style' );\n\t\t\t\t\tstyle.appendChild( document.createTextNode( '#wpforms-2114-field_8-container { position: absolute !important; overflow: hidden !important; display: inline !important; height: 1px !important; width: 1px !important; z-index: -1000 !important; padding: 0 !important; } #wpforms-2114-field_8-container input { visibility: hidden; } #wpforms-conversational-form-page #wpforms-2114-field_8-container label { counter-increment: none; }' ) );\n\t\t\t\t\tdocument.head.appendChild( style );\n\t\t\t\t\tdocument.currentScript?.remove();\n\t\t\t\t} )();\n\t\t\t<\/script><\/div><!-- .wpforms-field-container --><div class=\"wpforms-submit-container\" ><input type=\"hidden\" name=\"wpforms[id]\" value=\"2114\"><input type=\"hidden\" name=\"page_title\" value=\"\"><input type=\"hidden\" name=\"page_url\" value=\"https:\/\/ridewithkornel.com\/en\/wp-json\/wp\/v2\/pages\/544\"><input type=\"hidden\" name=\"url_referer\" value=\"\"><button type=\"submit\" name=\"wpforms[submit]\" id=\"wpforms-submit-2114\" class=\"wpforms-submit\" data-alt-text=\"Wysy\u0142anie...\" data-submit-text=\"Prze\u015blij\" aria-live=\"assertive\" value=\"wpforms-submit\">Send<\/button><img decoding=\"async\" src=\"https:\/\/ridewithkornel.com\/wp-content\/plugins\/wpforms-lite\/assets\/images\/submit-spin.svg\" class=\"wpforms-submit-spinner\" style=\"display: none;\" width=\"26\" height=\"26\" alt=\"Loading\"><\/div><input type=\"hidden\" name=\"trp-form-language\" value=\"en\"\/><\/form><\/div>  <!-- .wpforms-container -->\t\t\t\t<\/div>\n\t\t\t\t<\/div>\n\t\t\t\t\t<\/div>\n\t\t\t\t<\/div>\n\t\t\t\t<\/div>","protected":false},"excerpt":{"rendered":"<p>Kontakt Kontakt Telefon \/ WhatsApp +48 572 829 248, pn. &#8211; nd. 9:00 &#8211; 18:00 E-mail ridewithkornel@gmail.com Instagram Instagram Aby wype\u0142ni\u0107 ten formularz, w\u0142\u0105cz obs\u0142ug\u0119 JavaScript w przegl\u0105darce.Imi\u0119 i nazwisko *Tw\u00f3j adres e-mail *Tw\u00f3j numer telefonu *Termin wycieczkiTwoja wiadomo\u015b\u0107Lista rozwijanaWycieczka indywidualna (premium)Wycieczka grupowaOferta specjalnaDla wypo\u017cyczalni rower\u00f3w oraz biur podr\u00f3\u017cyPola wyboru * Wyra\u017cam zgod\u0119 na przetwarzanie [&hellip;]<\/p>","protected":false},"author":1,"featured_media":0,"parent":0,"menu_order":0,"comment_status":"closed","ping_status":"closed","template":"","meta":{"_monsterinsights_skip_tracking":false,"_monsterinsights_sitenote_active":false,"_monsterinsights_sitenote_note":"","_monsterinsights_sitenote_category":0,"site-sidebar-layout":"no-sidebar","site-content-layout":"page-builder","ast-site-content-layout":"full-width-container","site-content-style":"unboxed","site-sidebar-style":"unboxed","ast-global-header-display":"","ast-banner-title-visibility":"","ast-main-header-display":"","ast-hfb-above-header-display":"","ast-hfb-below-header-display":"","ast-hfb-mobile-header-display":"","site-post-title":"disabled","ast-breadcrumbs-content":"","ast-featured-img":"disabled","footer-sml-layout":"","ast-disable-related-posts":"","theme-transparent-header-meta":"enabled","adv-header-id-meta":"","stick-header-meta":"","header-above-stick-meta":"","header-main-stick-meta":"","header-below-stick-meta":"","astra-migrate-meta-layouts":"set","ast-page-background-enabled":"default","ast-page-background-meta":{"desktop":{"background-color":"","background-image":"","background-repeat":"repeat","background-position":"center center","background-size":"auto","background-attachment":"scroll","background-type":"","background-media":"","overlay-type":"","overlay-color":"","overlay-opacity":"","overlay-gradient":""},"tablet":{"background-color":"","background-image":"","background-repeat":"repeat","background-position":"center center","background-size":"auto","background-attachment":"scroll","background-type":"","background-media":"","overlay-type":"","overlay-color":"","overlay-opacity":"","overlay-gradient":""},"mobile":{"background-color":"","background-image":"","background-repeat":"repeat","background-position":"center center","background-size":"auto","background-attachment":"scroll","background-type":"","background-media":"","overlay-type":"","overlay-color":"","overlay-opacity":"","overlay-gradient":""}},"ast-content-background-meta":{"desktop":{"background-color":"var(--ast-global-color-5)","background-image":"","background-repeat":"repeat","background-position":"center center","background-size":"auto","background-attachment":"scroll","background-type":"","background-media":"","overlay-type":"","overlay-color":"","overlay-opacity":"","overlay-gradient":""},"tablet":{"background-color":"var(--ast-global-color-5)","background-image":"","background-repeat":"repeat","background-position":"center center","background-size":"auto","background-attachment":"scroll","background-type":"","background-media":"","overlay-type":"","overlay-color":"","overlay-opacity":"","overlay-gradient":""},"mobile":{"background-color":"var(--ast-global-color-5)","background-image":"","background-repeat":"repeat","background-position":"center center","background-size":"auto","background-attachment":"scroll","background-type":"","background-media":"","overlay-type":"","overlay-color":"","overlay-opacity":"","overlay-gradient":""}},"footnotes":""},"class_list":["post-544","page","type-page","status-publish","hentry"],"yoast_head":"<!-- This site is optimized with the Yoast SEO plugin v26.8 - https:\/\/yoast.com\/product\/yoast-seo-wordpress\/ -->\n<title>KONTAKT - Outdoor Adventure<\/title>\n<meta name=\"robots\" content=\"index, follow, max-snippet:-1, max-image-preview:large, max-video-preview:-1\" \/>\n<link rel=\"canonical\" href=\"https:\/\/ridewithkornel.com\/en\/contact\/\" \/>\n<meta property=\"og:locale\" content=\"en_GB\" \/>\n<meta property=\"og:type\" content=\"article\" \/>\n<meta property=\"og:title\" content=\"KONTAKT - Outdoor Adventure\" \/>\n<meta property=\"og:description\" content=\"Kontakt Kontakt Telefon \/ WhatsApp +48 572 829 248, pn. &#8211; nd. 9:00 &#8211; 18:00 E-mail ridewithkornel@gmail.com Instagram Instagram Aby wype\u0142ni\u0107 ten formularz, w\u0142\u0105cz obs\u0142ug\u0119 JavaScript w przegl\u0105darce.Imi\u0119 i nazwisko *Tw\u00f3j adres e-mail *Tw\u00f3j numer telefonu *Termin wycieczkiTwoja wiadomo\u015b\u0107Lista rozwijanaWycieczka indywidualna (premium)Wycieczka grupowaOferta specjalnaDla wypo\u017cyczalni rower\u00f3w oraz biur podr\u00f3\u017cyPola wyboru * Wyra\u017cam zgod\u0119 na przetwarzanie [&hellip;]\" \/>\n<meta property=\"og:url\" content=\"https:\/\/ridewithkornel.com\/en\/contact\/\" \/>\n<meta property=\"og:site_name\" content=\"Outdoor Adventure\" \/>\n<meta property=\"article:modified_time\" content=\"2026-01-26T13:17:19+00:00\" \/>\n<meta property=\"og:image\" content=\"https:\/\/ridewithkornel.com\/wp-content\/plugins\/wpforms-lite\/assets\/images\/submit-spin.svg\" \/>\n<meta name=\"twitter:card\" content=\"summary_large_image\" \/>\n<meta name=\"twitter:label1\" content=\"Estimated reading time\" \/>\n\t<meta name=\"twitter:data1\" content=\"1 minute\" \/>\n<script type=\"application\/ld+json\" class=\"yoast-schema-graph\">{\"@context\":\"https:\/\/schema.org\",\"@graph\":[{\"@type\":\"WebPage\",\"@id\":\"https:\/\/ridewithkornel.com\/contact\/\",\"url\":\"https:\/\/ridewithkornel.com\/contact\/\",\"name\":\"KONTAKT - Outdoor Adventure\",\"isPartOf\":{\"@id\":\"https:\/\/ridewithkornel.com\/#website\"},\"primaryImageOfPage\":{\"@id\":\"https:\/\/ridewithkornel.com\/contact\/#primaryimage\"},\"image\":{\"@id\":\"https:\/\/ridewithkornel.com\/contact\/#primaryimage\"},\"thumbnailUrl\":\"https:\/\/ridewithkornel.com\/wp-content\/plugins\/wpforms-lite\/assets\/images\/submit-spin.svg\",\"datePublished\":\"2026-01-07T18:12:48+00:00\",\"dateModified\":\"2026-01-26T13:17:19+00:00\",\"breadcrumb\":{\"@id\":\"https:\/\/ridewithkornel.com\/contact\/#breadcrumb\"},\"inLanguage\":\"en-GB\",\"potentialAction\":[{\"@type\":\"ReadAction\",\"target\":[\"https:\/\/ridewithkornel.com\/contact\/\"]}]},{\"@type\":\"ImageObject\",\"inLanguage\":\"en-GB\",\"@id\":\"https:\/\/ridewithkornel.com\/contact\/#primaryimage\",\"url\":\"https:\/\/ridewithkornel.com\/wp-content\/plugins\/wpforms-lite\/assets\/images\/submit-spin.svg\",\"contentUrl\":\"https:\/\/ridewithkornel.com\/wp-content\/plugins\/wpforms-lite\/assets\/images\/submit-spin.svg\"},{\"@type\":\"BreadcrumbList\",\"@id\":\"https:\/\/ridewithkornel.com\/contact\/#breadcrumb\",\"itemListElement\":[{\"@type\":\"ListItem\",\"position\":1,\"name\":\"Strona g\u0142\u00f3wna\",\"item\":\"https:\/\/ridewithkornel.com\/\"},{\"@type\":\"ListItem\",\"position\":2,\"name\":\"KONTAKT\"}]},{\"@type\":\"WebSite\",\"@id\":\"https:\/\/ridewithkornel.com\/#website\",\"url\":\"https:\/\/ridewithkornel.com\/\",\"name\":\"RidewithKornel\",\"description\":\"Outdoor Sports Adventure Website\",\"potentialAction\":[{\"@type\":\"SearchAction\",\"target\":{\"@type\":\"EntryPoint\",\"urlTemplate\":\"https:\/\/ridewithkornel.com\/?s={search_term_string}\"},\"query-input\":{\"@type\":\"PropertyValueSpecification\",\"valueRequired\":true,\"valueName\":\"search_term_string\"}}],\"inLanguage\":\"en-GB\"}]}<\/script>\n<!-- \/ Yoast SEO plugin. -->","yoast_head_json":{"title":"KONTAKT - Outdoor Adventure","robots":{"index":"index","follow":"follow","max-snippet":"max-snippet:-1","max-image-preview":"max-image-preview:large","max-video-preview":"max-video-preview:-1"},"canonical":"https:\/\/ridewithkornel.com\/en\/contact\/","og_locale":"en_GB","og_type":"article","og_title":"KONTAKT - Outdoor Adventure","og_description":"Kontakt Kontakt Telefon \/ WhatsApp +48 572 829 248, pn. &#8211; nd. 9:00 &#8211; 18:00 E-mail ridewithkornel@gmail.com Instagram Instagram Aby wype\u0142ni\u0107 ten formularz, w\u0142\u0105cz obs\u0142ug\u0119 JavaScript w przegl\u0105darce.Imi\u0119 i nazwisko *Tw\u00f3j adres e-mail *Tw\u00f3j numer telefonu *Termin wycieczkiTwoja wiadomo\u015b\u0107Lista rozwijanaWycieczka indywidualna (premium)Wycieczka grupowaOferta specjalnaDla wypo\u017cyczalni rower\u00f3w oraz biur podr\u00f3\u017cyPola wyboru * Wyra\u017cam zgod\u0119 na przetwarzanie [&hellip;]","og_url":"https:\/\/ridewithkornel.com\/en\/contact\/","og_site_name":"Outdoor Adventure","article_modified_time":"2026-01-26T13:17:19+00:00","og_image":[{"url":"https:\/\/ridewithkornel.com\/wp-content\/plugins\/wpforms-lite\/assets\/images\/submit-spin.svg","type":"","width":"","height":""}],"twitter_card":"summary_large_image","twitter_misc":{"Estimated reading time":"1 minute"},"schema":{"@context":"https:\/\/schema.org","@graph":[{"@type":"WebPage","@id":"https:\/\/ridewithkornel.com\/contact\/","url":"https:\/\/ridewithkornel.com\/contact\/","name":"KONTAKT - Outdoor Adventure","isPartOf":{"@id":"https:\/\/ridewithkornel.com\/#website"},"primaryImageOfPage":{"@id":"https:\/\/ridewithkornel.com\/contact\/#primaryimage"},"image":{"@id":"https:\/\/ridewithkornel.com\/contact\/#primaryimage"},"thumbnailUrl":"https:\/\/ridewithkornel.com\/wp-content\/plugins\/wpforms-lite\/assets\/images\/submit-spin.svg","datePublished":"2026-01-07T18:12:48+00:00","dateModified":"2026-01-26T13:17:19+00:00","breadcrumb":{"@id":"https:\/\/ridewithkornel.com\/contact\/#breadcrumb"},"inLanguage":"en-GB","potentialAction":[{"@type":"ReadAction","target":["https:\/\/ridewithkornel.com\/contact\/"]}]},{"@type":"ImageObject","inLanguage":"en-GB","@id":"https:\/\/ridewithkornel.com\/contact\/#primaryimage","url":"https:\/\/ridewithkornel.com\/wp-content\/plugins\/wpforms-lite\/assets\/images\/submit-spin.svg","contentUrl":"https:\/\/ridewithkornel.com\/wp-content\/plugins\/wpforms-lite\/assets\/images\/submit-spin.svg"},{"@type":"BreadcrumbList","@id":"https:\/\/ridewithkornel.com\/contact\/#breadcrumb","itemListElement":[{"@type":"ListItem","position":1,"name":"Strona g\u0142\u00f3wna","item":"https:\/\/ridewithkornel.com\/"},{"@type":"ListItem","position":2,"name":"KONTAKT"}]},{"@type":"WebSite","@id":"https:\/\/ridewithkornel.com\/#website","url":"https:\/\/ridewithkornel.com\/","name":"RidewithKornel","description":"Outdoor Sports Adventure Website","potentialAction":[{"@type":"SearchAction","target":{"@type":"EntryPoint","urlTemplate":"https:\/\/ridewithkornel.com\/?s={search_term_string}"},"query-input":{"@type":"PropertyValueSpecification","valueRequired":true,"valueName":"search_term_string"}}],"inLanguage":"en-GB"}]}},"_links":{"self":[{"href":"https:\/\/ridewithkornel.com\/en\/wp-json\/wp\/v2\/pages\/544","targetHints":{"allow":["GET"]}}],"collection":[{"href":"https:\/\/ridewithkornel.com\/en\/wp-json\/wp\/v2\/pages"}],"about":[{"href":"https:\/\/ridewithkornel.com\/en\/wp-json\/wp\/v2\/types\/page"}],"author":[{"embeddable":true,"href":"https:\/\/ridewithkornel.com\/en\/wp-json\/wp\/v2\/users\/1"}],"replies":[{"embeddable":true,"href":"https:\/\/ridewithkornel.com\/en\/wp-json\/wp\/v2\/comments?post=544"}],"version-history":[{"count":50,"href":"https:\/\/ridewithkornel.com\/en\/wp-json\/wp\/v2\/pages\/544\/revisions"}],"predecessor-version":[{"id":3534,"href":"https:\/\/ridewithkornel.com\/en\/wp-json\/wp\/v2\/pages\/544\/revisions\/3534"}],"wp:attachment":[{"href":"https:\/\/ridewithkornel.com\/en\/wp-json\/wp\/v2\/media?parent=544"}],"curies":[{"name":"wp","href":"https:\/\/api.w.org\/{rel}","templated":true}]}}