{"id":541,"date":"2026-01-07T19:12:48","date_gmt":"2026-01-07T18:12:48","guid":{"rendered":"https:\/\/ridewithkornel.com\/about\/"},"modified":"2026-03-10T10:29:56","modified_gmt":"2026-03-10T09:29:56","slug":"about","status":"publish","type":"page","link":"https:\/\/ridewithkornel.com\/en\/about\/","title":{"rendered":"ABOUT ME"},"content":{"rendered":"<div data-elementor-type=\"wp-post\" data-elementor-id=\"541\" class=\"elementor elementor-541\">\n\t\t\t\t<div class=\"elementor-element elementor-element-5f02ddf e-flex e-con-boxed e-con e-parent\" data-id=\"5f02ddf\" data-element_type=\"container\" data-settings=\"{&quot;background_background&quot;:&quot;classic&quot;}\">\n\t\t\t\t\t<div class=\"e-con-inner\">\n\t\t<div class=\"elementor-element elementor-element-0502d81 e-con-full e-flex e-con e-child\" data-id=\"0502d81\" data-element_type=\"container\">\n\t\t\t\t<div class=\"elementor-element elementor-element-03d202b elementor-widget elementor-widget-heading\" data-id=\"03d202b\" data-element_type=\"widget\" data-widget_type=\"heading.default\">\n\t\t\t\t<div class=\"elementor-widget-container\">\n\t\t\t\t\t<h1 class=\"elementor-heading-title elementor-size-default\">About me<\/h1>\t\t\t\t<\/div>\n\t\t\t\t<\/div>\n\t\t\t\t<\/div>\n\t\t\t\t\t<\/div>\n\t\t\t\t<\/div>\n\t\t<div class=\"elementor-element elementor-element-ce23579 e-flex e-con-boxed e-con e-parent\" data-id=\"ce23579\" data-element_type=\"container\">\n\t\t\t\t\t<div class=\"e-con-inner\">\n\t\t<div class=\"elementor-element elementor-element-89a7aec e-con-full e-flex e-con e-child\" data-id=\"89a7aec\" data-element_type=\"container\">\n\t\t\t\t<div class=\"elementor-element elementor-element-a01f0dc elementor-widget elementor-widget-heading\" data-id=\"a01f0dc\" data-element_type=\"widget\" data-widget_type=\"heading.default\">\n\t\t\t\t<div class=\"elementor-widget-container\">\n\t\t\t\t\t<h2 class=\"elementor-heading-title elementor-size-default\">My mission<\/h2>\t\t\t\t<\/div>\n\t\t\t\t<\/div>\n\t\t\t\t<div class=\"elementor-element elementor-element-c43b3dd elementor-widget-divider--view-line elementor-widget elementor-widget-divider\" data-id=\"c43b3dd\" data-element_type=\"widget\" data-widget_type=\"divider.default\">\n\t\t\t\t<div class=\"elementor-widget-container\">\n\t\t\t\t\t\t\t<div class=\"elementor-divider\">\n\t\t\t<span class=\"elementor-divider-separator\">\n\t\t\t\t\t\t<\/span>\n\t\t<\/div>\n\t\t\t\t\t\t<\/div>\n\t\t\t\t<\/div>\n\t\t\t\t<div class=\"elementor-element elementor-element-e871351 elementor-widget elementor-widget-text-editor\" data-id=\"e871351\" data-element_type=\"widget\" data-widget_type=\"text-editor.default\">\n\t\t\t\t<div class=\"elementor-widget-container\">\n\t\t\t\t\t\t\t\t\t<p>My mission as a cycling guide is to share my passion in a simple way. I want every trip to be not just a bike ride, but a shared adventure \u2014 one that brings people together, inspires them, and stays in their memory. I draw on my many years of experience and guide groups in a thoughtful and safe manner, adjusting the pace and route to suit the participants.\u00a0<\/p><p>I make sure there's a good atmosphere both on the road and during stops, and to ensure that these moments don't disappear with the last kilometer, I take souvenir photos during the trip.<\/p><p>Since 2022, I have been spending most of the cold months in Spain on the Costa Blanca coast in<span style=\"font-style: inherit; font-weight: inherit;\">\u00a0I know Calpe and this region like the back of my hand. I cycle here when temperatures in most of Europe make cycling impossible.<\/span><\/p>\t\t\t\t\t\t\t\t<\/div>\n\t\t\t\t<\/div>\n\t\t\t\t<\/div>\n\t\t<div class=\"elementor-element elementor-element-e8e4600 e-con-full e-flex e-con e-child\" data-id=\"e8e4600\" data-element_type=\"container\">\n\t\t\t\t<div class=\"elementor-element elementor-element-6060d91 elementor-widget__width-initial elementor-widget-tablet__width-initial elementor-widget-mobile__width-initial elementor-widget elementor-widget-image\" data-id=\"6060d91\" data-element_type=\"widget\" data-widget_type=\"image.default\">\n\t\t\t\t<div class=\"elementor-widget-container\">\n\t\t\t\t\t\t\t\t\t\t\t\t\t\t\t<img fetchpriority=\"high\" decoding=\"async\" width=\"1166\" height=\"1367\" src=\"https:\/\/ridewithkornel.com\/wp-content\/uploads\/2026\/01\/da4c68bf-ec80-4bbc-b9c5-667127f4fcfa.jpg\" class=\"attachment-full size-full wp-image-3185\" alt=\"da4c68bf ec80 4bbc b9c5 667127f4fcfa\" srcset=\"https:\/\/ridewithkornel.com\/wp-content\/uploads\/2026\/01\/da4c68bf-ec80-4bbc-b9c5-667127f4fcfa.jpg 1166w, https:\/\/ridewithkornel.com\/wp-content\/uploads\/2026\/01\/da4c68bf-ec80-4bbc-b9c5-667127f4fcfa-256x300.jpg 256w, https:\/\/ridewithkornel.com\/wp-content\/uploads\/2026\/01\/da4c68bf-ec80-4bbc-b9c5-667127f4fcfa-873x1024.jpg 873w, https:\/\/ridewithkornel.com\/wp-content\/uploads\/2026\/01\/da4c68bf-ec80-4bbc-b9c5-667127f4fcfa-768x900.jpg 768w, https:\/\/ridewithkornel.com\/wp-content\/uploads\/2026\/01\/da4c68bf-ec80-4bbc-b9c5-667127f4fcfa-10x12.jpg 10w\" sizes=\"(max-width: 1166px) 100vw, 1166px\" \/>\t\t\t\t\t\t\t\t\t\t\t\t\t\t\t<\/div>\n\t\t\t\t<\/div>\n\t\t\t\t<\/div>\n\t\t\t\t\t<\/div>\n\t\t\t\t<\/div>\n\t\t<div class=\"elementor-element elementor-element-8195a0d e-flex e-con-boxed e-con e-parent\" data-id=\"8195a0d\" data-element_type=\"container\">\n\t\t\t\t\t<div class=\"e-con-inner\">\n\t\t<div class=\"elementor-element elementor-element-c48d12f e-con-full e-flex e-con e-child\" data-id=\"c48d12f\" data-element_type=\"container\">\n\t\t\t\t<div class=\"elementor-element elementor-element-491f841 elementor-widget elementor-widget-heading\" data-id=\"491f841\" data-element_type=\"widget\" data-widget_type=\"heading.default\">\n\t\t\t\t<div class=\"elementor-widget-container\">\n\t\t\t\t\t<h4 class=\"elementor-heading-title elementor-size-default\">Cycling experience<\/h4>\t\t\t\t<\/div>\n\t\t\t\t<\/div>\n\t\t\t\t<div class=\"elementor-element elementor-element-7beb61e elementor-widget-divider--view-line elementor-widget elementor-widget-divider\" data-id=\"7beb61e\" data-element_type=\"widget\" data-widget_type=\"divider.default\">\n\t\t\t\t<div class=\"elementor-widget-container\">\n\t\t\t\t\t\t\t<div class=\"elementor-divider\">\n\t\t\t<span class=\"elementor-divider-separator\">\n\t\t\t\t\t\t<\/span>\n\t\t<\/div>\n\t\t\t\t\t\t<\/div>\n\t\t\t\t<\/div>\n\t\t\t\t<div class=\"elementor-element elementor-element-c5cd51e elementor-widget elementor-widget-text-editor\" data-id=\"c5cd51e\" data-element_type=\"widget\" data-widget_type=\"text-editor.default\">\n\t\t\t\t<div class=\"elementor-widget-container\">\n\t\t\t\t\t\t\t\t\t<ul>\n<li>2025 \u2013 I started working with the travel agency MJPro Tour, where I served as a guide for organized cycling trips throughout Europe.<\/li>\n<li style=\"font-size: 16px;\"><span style=\"font-style: inherit; font-weight: inherit;\">From 2023 to 2025, while working at the CostaBlanca Cycling bike rental shop in Calpe, Spain, I guided rental customers along local routes.<\/span><\/li>\n<li>2022 \u2013 I acted as a bicycle guide for the first time and immediately loved it.&nbsp;<\/li>\n<li>2020 \u2013 first cycling trip abroad, which becomes the main way of life.&nbsp;&nbsp;<\/li>\n<li>2018 \u2013 I buy my first road bike and begin my adventure called \u201ccycling.\u201d&nbsp;&nbsp;<\/li>\n<li>2016 \u2013 MTB bike trips and exploration of southern Poland<\/li>\n<\/ul>\t\t\t\t\t\t\t\t<\/div>\n\t\t\t\t<\/div>\n\t\t\t\t<\/div>\n\t\t<div class=\"elementor-element elementor-element-d47d4cd e-con-full e-flex e-con e-child\" data-id=\"d47d4cd\" data-element_type=\"container\">\n\t\t\t\t<div class=\"elementor-element elementor-element-bf795e2 elementor-widget elementor-widget-heading\" data-id=\"bf795e2\" data-element_type=\"widget\" data-widget_type=\"heading.default\">\n\t\t\t\t<div class=\"elementor-widget-container\">\n\t\t\t\t\t<h4 class=\"elementor-heading-title elementor-size-default\">Benefits of riding with me<\/h4>\t\t\t\t<\/div>\n\t\t\t\t<\/div>\n\t\t\t\t<div class=\"elementor-element elementor-element-ae16dd8 elementor-widget-divider--view-line elementor-widget elementor-widget-divider\" data-id=\"ae16dd8\" data-element_type=\"widget\" data-widget_type=\"divider.default\">\n\t\t\t\t<div class=\"elementor-widget-container\">\n\t\t\t\t\t\t\t<div class=\"elementor-divider\">\n\t\t\t<span class=\"elementor-divider-separator\">\n\t\t\t\t\t\t<\/span>\n\t\t<\/div>\n\t\t\t\t\t\t<\/div>\n\t\t\t\t<\/div>\n\t\t\t\t<div class=\"elementor-element elementor-element-8c4a333 elementor-widget__width-initial elementor-widget elementor-widget-text-editor\" data-id=\"8c4a333\" data-element_type=\"widget\" data-widget_type=\"text-editor.default\">\n\t\t\t\t<div class=\"elementor-widget-container\">\n\t\t\t\t\t\t\t\t\t<ul><li><strong data-start=\"375\" data-end=\"414\">Safety first<\/strong> \u2013 experience in leading groups, clear rules, and peace of mind on the road.<\/li><li><b>Good energy<\/b> -<b> <\/b>I am a positive person, I love sports, the world around us, and I make you want to keep going.<\/li><li><strong data-start=\"496\" data-end=\"526\">A pace that suits you<\/strong> \u2013 regardless of whether you are traveling individually or in a group.<\/li><li><strong data-start=\"781\" data-end=\"814\">Integration and shared adventure<\/strong> \u2013 Cycling brings people together, and trips quickly turn into good friendships.<\/li><li><strong data-start=\"894\" data-end=\"924\">Photos from the trip<\/strong> \u2013 professional and spontaneous staff who stay long after returning.<\/li><\/ul>\t\t\t\t\t\t\t\t<\/div>\n\t\t\t\t<\/div>\n\t\t\t\t<\/div>\n\t\t\t\t\t<\/div>\n\t\t\t\t<\/div>\n\t\t<div class=\"elementor-element elementor-element-21418e1 e-flex e-con-boxed e-con e-parent\" data-id=\"21418e1\" data-element_type=\"container\">\n\t\t\t\t\t<div class=\"e-con-inner\">\n\t\t<div class=\"elementor-element elementor-element-c21246f e-con-full e-flex e-con e-child\" data-id=\"c21246f\" data-element_type=\"container\">\n\t\t\t\t<div class=\"elementor-element elementor-element-b8097f4 elementor-widget elementor-widget-video\" data-id=\"b8097f4\" data-element_type=\"widget\" data-settings=\"{&quot;youtube_url&quot;:&quot;https:\\\/\\\/www.youtube.com\\\/watch?v=Bfc_8p27KDw&amp;t=116s&quot;,&quot;start&quot;:0,&quot;video_type&quot;:&quot;youtube&quot;,&quot;controls&quot;:&quot;yes&quot;}\" data-widget_type=\"video.default\">\n\t\t\t\t<div class=\"elementor-widget-container\">\n\t\t\t\t\t\t\t<div class=\"elementor-wrapper elementor-open-inline\">\n\t\t\t<div class=\"elementor-video\"><\/div>\t\t<\/div>\n\t\t\t\t\t\t<\/div>\n\t\t\t\t<\/div>\n\t\t\t\t<\/div>\n\t\t\t\t<div class=\"elementor-element elementor-element-4d3e0c6 elementor-widget elementor-widget-video\" data-id=\"4d3e0c6\" data-element_type=\"widget\" data-settings=\"{&quot;youtube_url&quot;:&quot;https:\\\/\\\/www.youtube.com\\\/watch?v=hCFn3X3-9Ps&amp;t=343s&quot;,&quot;video_type&quot;:&quot;youtube&quot;,&quot;controls&quot;:&quot;yes&quot;}\" data-widget_type=\"video.default\">\n\t\t\t\t<div class=\"elementor-widget-container\">\n\t\t\t\t\t\t\t<div class=\"elementor-wrapper elementor-open-inline\">\n\t\t\t<div class=\"elementor-video\"><\/div>\t\t<\/div>\n\t\t\t\t\t\t<\/div>\n\t\t\t\t<\/div>\n\t\t\t\t\t<\/div>\n\t\t\t\t<\/div>\n\t\t<div class=\"elementor-element elementor-element-a56c40b e-flex e-con-boxed e-con e-parent\" data-id=\"a56c40b\" data-element_type=\"container\">\n\t\t\t\t\t<div class=\"e-con-inner\">\n\t\t\t\t\t<\/div>\n\t\t\t\t<\/div>\n\t\t<div class=\"elementor-element elementor-element-d6922ca e-flex e-con-boxed e-con e-parent\" data-id=\"d6922ca\" data-element_type=\"container\">\n\t\t\t\t\t<div class=\"e-con-inner\">\n\t\t\t\t<div class=\"elementor-element elementor-element-565af33 elementor-widget elementor-widget-image\" data-id=\"565af33\" data-element_type=\"widget\" data-widget_type=\"image.default\">\n\t\t\t\t<div class=\"elementor-widget-container\">\n\t\t\t\t\t\t\t\t\t\t\t\t\t\t\t<img decoding=\"async\" width=\"180\" height=\"236\" src=\"https:\/\/ridewithkornel.com\/wp-content\/uploads\/2026\/01\/profiprofi.jpg\" class=\"attachment-large size-large wp-image-3228\" alt=\"profiprofi\" srcset=\"https:\/\/ridewithkornel.com\/wp-content\/uploads\/2026\/01\/profiprofi.jpg 180w, https:\/\/ridewithkornel.com\/wp-content\/uploads\/2026\/01\/profiprofi-9x12.jpg 9w\" sizes=\"(max-width: 180px) 100vw, 180px\" \/>\t\t\t\t\t\t\t\t\t\t\t\t\t\t\t<\/div>\n\t\t\t\t<\/div>\n\t\t\t\t\t<\/div>\n\t\t\t\t<\/div>\n\t\t<div class=\"elementor-element elementor-element-c915c7d e-flex e-con-boxed e-con e-parent\" data-id=\"c915c7d\" data-element_type=\"container\">\n\t\t\t\t\t<div class=\"e-con-inner\">\n\t\t\t\t<div class=\"elementor-element elementor-element-619f1cc elementor-widget elementor-widget-text-editor\" data-id=\"619f1cc\" data-element_type=\"widget\" data-widget_type=\"text-editor.default\">\n\t\t\t\t<div class=\"elementor-widget-container\">\n\t\t\t\t\t\t\t\t\t<h5>You can find me here:<\/h5>\t\t\t\t\t\t\t\t<\/div>\n\t\t\t\t<\/div>\n\t\t\t\t\t<\/div>\n\t\t\t\t<\/div>\n\t\t<div class=\"elementor-element elementor-element-b34a2ef e-flex e-con-boxed e-con e-parent\" data-id=\"b34a2ef\" data-element_type=\"container\">\n\t\t\t\t\t<div class=\"e-con-inner\">\n\t\t<div class=\"elementor-element elementor-element-555d4b5 e-con-full e-flex e-con e-child\" data-id=\"555d4b5\" data-element_type=\"container\">\n\t\t\t\t<div class=\"elementor-element elementor-element-5e1b4a1 elementor-align-right elementor-mobile-align-left elementor-widget elementor-widget-button\" data-id=\"5e1b4a1\" data-element_type=\"widget\" data-widget_type=\"button.default\">\n\t\t\t\t<div class=\"elementor-widget-container\">\n\t\t\t\t\t\t\t\t\t<div class=\"elementor-button-wrapper\">\n\t\t\t\t\t<a class=\"elementor-button elementor-button-link elementor-size-sm\" href=\"https:\/\/www.instagram.com\/ridewithkornel\/\" target=\"_blank\">\n\t\t\t\t\t\t<span class=\"elementor-button-content-wrapper\">\n\t\t\t\t\t\t<span class=\"elementor-button-icon\">\n\t\t\t\t<i aria-hidden=\"true\" class=\"fab fa-instagram\"><\/i>\t\t\t<\/span>\n\t\t\t\t\t\t\t\t\t<span class=\"elementor-button-text\">Instagram<\/span>\n\t\t\t\t\t<\/span>\n\t\t\t\t\t<\/a>\n\t\t\t\t<\/div>\n\t\t\t\t\t\t\t\t<\/div>\n\t\t\t\t<\/div>\n\t\t\t\t<\/div>\n\t\t<div class=\"elementor-element elementor-element-37b53da e-con-full e-flex e-con e-child\" data-id=\"37b53da\" data-element_type=\"container\">\n\t\t<div class=\"elementor-element elementor-element-4398104 e-con-full e-flex e-con e-child\" data-id=\"4398104\" data-element_type=\"container\">\n\t\t\t\t<div class=\"elementor-element elementor-element-3718f79 elementor-align-left elementor-mobile-align-left elementor-widget elementor-widget-button\" data-id=\"3718f79\" data-element_type=\"widget\" data-widget_type=\"button.default\">\n\t\t\t\t<div class=\"elementor-widget-container\">\n\t\t\t\t\t\t\t\t\t<div class=\"elementor-button-wrapper\">\n\t\t\t\t\t<a class=\"elementor-button elementor-button-link elementor-size-sm\" href=\"https:\/\/www.strava.com\/athletes\/73413085\" target=\"_blank\">\n\t\t\t\t\t\t<span class=\"elementor-button-content-wrapper\">\n\t\t\t\t\t\t<span class=\"elementor-button-icon\">\n\t\t\t\t<i aria-hidden=\"true\" class=\"fab fa-strava\"><\/i>\t\t\t<\/span>\n\t\t\t\t\t\t\t\t\t<span class=\"elementor-button-text\">Strava<\/span>\n\t\t\t\t\t<\/span>\n\t\t\t\t\t<\/a>\n\t\t\t\t<\/div>\n\t\t\t\t\t\t\t\t<\/div>\n\t\t\t\t<\/div>\n\t\t\t\t<\/div>\n\t\t\t\t<\/div>\n\t\t\t\t\t<\/div>\n\t\t\t\t<\/div>\n\t\t\t\t<\/div>","protected":false},"excerpt":{"rendered":"<p>O mnie Moja misja Moj\u0105 misj\u0105 jako przewodnika rowerowego jest dzielenie si\u0119 pasj\u0105 w prosty spos\u00f3b. Chc\u0119, aby ka\u017cda wycieczka by\u0142a nie tylko jazd\u0105 na rowerze, ale wsp\u00f3ln\u0105 przygod\u0105 \u2014 tak\u0105, kt\u00f3ra \u0142\u0105czy ludzi, inspiruje i zostaje w pami\u0119ci. Korzystam z wieloletniego do\u015bwiadczenia i prowadz\u0119 grupy w przemy\u015blany i bezpieczny spos\u00f3b, dostosowuj\u0105c tempo i tras\u0119 [&hellip;]<\/p>","protected":false},"author":1,"featured_media":0,"parent":0,"menu_order":0,"comment_status":"closed","ping_status":"closed","template":"","meta":{"_monsterinsights_skip_tracking":false,"_monsterinsights_sitenote_active":false,"_monsterinsights_sitenote_note":"","_monsterinsights_sitenote_category":0,"site-sidebar-layout":"no-sidebar","site-content-layout":"page-builder","ast-site-content-layout":"full-width-container","site-content-style":"unboxed","site-sidebar-style":"unboxed","ast-global-header-display":"","ast-banner-title-visibility":"","ast-main-header-display":"","ast-hfb-above-header-display":"","ast-hfb-below-header-display":"","ast-hfb-mobile-header-display":"","site-post-title":"disabled","ast-breadcrumbs-content":"","ast-featured-img":"disabled","footer-sml-layout":"","ast-disable-related-posts":"","theme-transparent-header-meta":"enabled","adv-header-id-meta":"","stick-header-meta":"","header-above-stick-meta":"","header-main-stick-meta":"","header-below-stick-meta":"","astra-migrate-meta-layouts":"set","ast-page-background-enabled":"default","ast-page-background-meta":{"desktop":{"background-color":"","background-image":"","background-repeat":"repeat","background-position":"center center","background-size":"auto","background-attachment":"scroll","background-type":"","background-media":"","overlay-type":"","overlay-color":"","overlay-opacity":"","overlay-gradient":""},"tablet":{"background-color":"","background-image":"","background-repeat":"repeat","background-position":"center center","background-size":"auto","background-attachment":"scroll","background-type":"","background-media":"","overlay-type":"","overlay-color":"","overlay-opacity":"","overlay-gradient":""},"mobile":{"background-color":"","background-image":"","background-repeat":"repeat","background-position":"center center","background-size":"auto","background-attachment":"scroll","background-type":"","background-media":"","overlay-type":"","overlay-color":"","overlay-opacity":"","overlay-gradient":""}},"ast-content-background-meta":{"desktop":{"background-color":"var(--ast-global-color-5)","background-image":"","background-repeat":"repeat","background-position":"center center","background-size":"auto","background-attachment":"scroll","background-type":"","background-media":"","overlay-type":"","overlay-color":"","overlay-opacity":"","overlay-gradient":""},"tablet":{"background-color":"var(--ast-global-color-5)","background-image":"","background-repeat":"repeat","background-position":"center center","background-size":"auto","background-attachment":"scroll","background-type":"","background-media":"","overlay-type":"","overlay-color":"","overlay-opacity":"","overlay-gradient":""},"mobile":{"background-color":"var(--ast-global-color-5)","background-image":"","background-repeat":"repeat","background-position":"center center","background-size":"auto","background-attachment":"scroll","background-type":"","background-media":"","overlay-type":"","overlay-color":"","overlay-opacity":"","overlay-gradient":""}},"footnotes":""},"class_list":["post-541","page","type-page","status-publish","hentry"],"yoast_head":"<!-- This site is optimized with the Yoast SEO plugin v26.8 - https:\/\/yoast.com\/product\/yoast-seo-wordpress\/ -->\n<title>O MNIE - Outdoor Adventure<\/title>\n<meta name=\"robots\" content=\"index, follow, max-snippet:-1, max-image-preview:large, max-video-preview:-1\" \/>\n<link rel=\"canonical\" href=\"https:\/\/ridewithkornel.com\/en\/about\/\" \/>\n<meta property=\"og:locale\" content=\"en_GB\" \/>\n<meta property=\"og:type\" content=\"article\" \/>\n<meta property=\"og:title\" content=\"O MNIE - Outdoor Adventure\" \/>\n<meta property=\"og:description\" content=\"O mnie Moja misja Moj\u0105 misj\u0105 jako przewodnika rowerowego jest dzielenie si\u0119 pasj\u0105 w prosty spos\u00f3b. Chc\u0119, aby ka\u017cda wycieczka by\u0142a nie tylko jazd\u0105 na rowerze, ale wsp\u00f3ln\u0105 przygod\u0105 \u2014 tak\u0105, kt\u00f3ra \u0142\u0105czy ludzi, inspiruje i zostaje w pami\u0119ci. Korzystam z wieloletniego do\u015bwiadczenia i prowadz\u0119 grupy w przemy\u015blany i bezpieczny spos\u00f3b, dostosowuj\u0105c tempo i tras\u0119 [&hellip;]\" \/>\n<meta property=\"og:url\" content=\"https:\/\/ridewithkornel.com\/en\/about\/\" \/>\n<meta property=\"og:site_name\" content=\"Outdoor Adventure\" \/>\n<meta property=\"article:modified_time\" content=\"2026-03-10T09:29:56+00:00\" \/>\n<meta property=\"og:image\" content=\"https:\/\/ridewithkornel.com\/wp-content\/uploads\/2026\/01\/da4c68bf-ec80-4bbc-b9c5-667127f4fcfa.jpg\" \/>\n\t<meta property=\"og:image:width\" content=\"1166\" \/>\n\t<meta property=\"og:image:height\" content=\"1367\" \/>\n\t<meta property=\"og:image:type\" content=\"image\/jpeg\" \/>\n<meta name=\"twitter:card\" content=\"summary_large_image\" \/>\n<meta name=\"twitter:label1\" content=\"Estimated reading time\" \/>\n\t<meta name=\"twitter:data1\" content=\"3 minutes\" \/>\n<script type=\"application\/ld+json\" class=\"yoast-schema-graph\">{\"@context\":\"https:\/\/schema.org\",\"@graph\":[{\"@type\":\"WebPage\",\"@id\":\"https:\/\/ridewithkornel.com\/about\/\",\"url\":\"https:\/\/ridewithkornel.com\/about\/\",\"name\":\"O MNIE - Outdoor Adventure\",\"isPartOf\":{\"@id\":\"https:\/\/ridewithkornel.com\/#website\"},\"primaryImageOfPage\":{\"@id\":\"https:\/\/ridewithkornel.com\/about\/#primaryimage\"},\"image\":{\"@id\":\"https:\/\/ridewithkornel.com\/about\/#primaryimage\"},\"thumbnailUrl\":\"https:\/\/ridewithkornel.com\/wp-content\/uploads\/2026\/01\/da4c68bf-ec80-4bbc-b9c5-667127f4fcfa.jpg\",\"datePublished\":\"2026-01-07T18:12:48+00:00\",\"dateModified\":\"2026-03-10T09:29:56+00:00\",\"breadcrumb\":{\"@id\":\"https:\/\/ridewithkornel.com\/about\/#breadcrumb\"},\"inLanguage\":\"en-GB\",\"potentialAction\":[{\"@type\":\"ReadAction\",\"target\":[\"https:\/\/ridewithkornel.com\/about\/\"]}]},{\"@type\":\"ImageObject\",\"inLanguage\":\"en-GB\",\"@id\":\"https:\/\/ridewithkornel.com\/about\/#primaryimage\",\"url\":\"https:\/\/ridewithkornel.com\/wp-content\/uploads\/2026\/01\/da4c68bf-ec80-4bbc-b9c5-667127f4fcfa.jpg\",\"contentUrl\":\"https:\/\/ridewithkornel.com\/wp-content\/uploads\/2026\/01\/da4c68bf-ec80-4bbc-b9c5-667127f4fcfa.jpg\"},{\"@type\":\"BreadcrumbList\",\"@id\":\"https:\/\/ridewithkornel.com\/about\/#breadcrumb\",\"itemListElement\":[{\"@type\":\"ListItem\",\"position\":1,\"name\":\"Strona g\u0142\u00f3wna\",\"item\":\"https:\/\/ridewithkornel.com\/\"},{\"@type\":\"ListItem\",\"position\":2,\"name\":\"O MNIE\"}]},{\"@type\":\"WebSite\",\"@id\":\"https:\/\/ridewithkornel.com\/#website\",\"url\":\"https:\/\/ridewithkornel.com\/\",\"name\":\"RidewithKornel\",\"description\":\"Outdoor Sports Adventure Website\",\"potentialAction\":[{\"@type\":\"SearchAction\",\"target\":{\"@type\":\"EntryPoint\",\"urlTemplate\":\"https:\/\/ridewithkornel.com\/?s={search_term_string}\"},\"query-input\":{\"@type\":\"PropertyValueSpecification\",\"valueRequired\":true,\"valueName\":\"search_term_string\"}}],\"inLanguage\":\"en-GB\"}]}<\/script>\n<!-- \/ Yoast SEO plugin. -->","yoast_head_json":{"title":"O MNIE - Outdoor Adventure","robots":{"index":"index","follow":"follow","max-snippet":"max-snippet:-1","max-image-preview":"max-image-preview:large","max-video-preview":"max-video-preview:-1"},"canonical":"https:\/\/ridewithkornel.com\/en\/about\/","og_locale":"en_GB","og_type":"article","og_title":"O MNIE - Outdoor Adventure","og_description":"O mnie Moja misja Moj\u0105 misj\u0105 jako przewodnika rowerowego jest dzielenie si\u0119 pasj\u0105 w prosty spos\u00f3b. Chc\u0119, aby ka\u017cda wycieczka by\u0142a nie tylko jazd\u0105 na rowerze, ale wsp\u00f3ln\u0105 przygod\u0105 \u2014 tak\u0105, kt\u00f3ra \u0142\u0105czy ludzi, inspiruje i zostaje w pami\u0119ci. Korzystam z wieloletniego do\u015bwiadczenia i prowadz\u0119 grupy w przemy\u015blany i bezpieczny spos\u00f3b, dostosowuj\u0105c tempo i tras\u0119 [&hellip;]","og_url":"https:\/\/ridewithkornel.com\/en\/about\/","og_site_name":"Outdoor Adventure","article_modified_time":"2026-03-10T09:29:56+00:00","og_image":[{"width":1166,"height":1367,"url":"https:\/\/ridewithkornel.com\/wp-content\/uploads\/2026\/01\/da4c68bf-ec80-4bbc-b9c5-667127f4fcfa.jpg","type":"image\/jpeg"}],"twitter_card":"summary_large_image","twitter_misc":{"Estimated reading time":"3 minutes"},"schema":{"@context":"https:\/\/schema.org","@graph":[{"@type":"WebPage","@id":"https:\/\/ridewithkornel.com\/about\/","url":"https:\/\/ridewithkornel.com\/about\/","name":"O MNIE - Outdoor Adventure","isPartOf":{"@id":"https:\/\/ridewithkornel.com\/#website"},"primaryImageOfPage":{"@id":"https:\/\/ridewithkornel.com\/about\/#primaryimage"},"image":{"@id":"https:\/\/ridewithkornel.com\/about\/#primaryimage"},"thumbnailUrl":"https:\/\/ridewithkornel.com\/wp-content\/uploads\/2026\/01\/da4c68bf-ec80-4bbc-b9c5-667127f4fcfa.jpg","datePublished":"2026-01-07T18:12:48+00:00","dateModified":"2026-03-10T09:29:56+00:00","breadcrumb":{"@id":"https:\/\/ridewithkornel.com\/about\/#breadcrumb"},"inLanguage":"en-GB","potentialAction":[{"@type":"ReadAction","target":["https:\/\/ridewithkornel.com\/about\/"]}]},{"@type":"ImageObject","inLanguage":"en-GB","@id":"https:\/\/ridewithkornel.com\/about\/#primaryimage","url":"https:\/\/ridewithkornel.com\/wp-content\/uploads\/2026\/01\/da4c68bf-ec80-4bbc-b9c5-667127f4fcfa.jpg","contentUrl":"https:\/\/ridewithkornel.com\/wp-content\/uploads\/2026\/01\/da4c68bf-ec80-4bbc-b9c5-667127f4fcfa.jpg"},{"@type":"BreadcrumbList","@id":"https:\/\/ridewithkornel.com\/about\/#breadcrumb","itemListElement":[{"@type":"ListItem","position":1,"name":"Strona g\u0142\u00f3wna","item":"https:\/\/ridewithkornel.com\/"},{"@type":"ListItem","position":2,"name":"O MNIE"}]},{"@type":"WebSite","@id":"https:\/\/ridewithkornel.com\/#website","url":"https:\/\/ridewithkornel.com\/","name":"RidewithKornel","description":"Outdoor Sports Adventure Website","potentialAction":[{"@type":"SearchAction","target":{"@type":"EntryPoint","urlTemplate":"https:\/\/ridewithkornel.com\/?s={search_term_string}"},"query-input":{"@type":"PropertyValueSpecification","valueRequired":true,"valueName":"search_term_string"}}],"inLanguage":"en-GB"}]}},"_links":{"self":[{"href":"https:\/\/ridewithkornel.com\/en\/wp-json\/wp\/v2\/pages\/541","targetHints":{"allow":["GET"]}}],"collection":[{"href":"https:\/\/ridewithkornel.com\/en\/wp-json\/wp\/v2\/pages"}],"about":[{"href":"https:\/\/ridewithkornel.com\/en\/wp-json\/wp\/v2\/types\/page"}],"author":[{"embeddable":true,"href":"https:\/\/ridewithkornel.com\/en\/wp-json\/wp\/v2\/users\/1"}],"replies":[{"embeddable":true,"href":"https:\/\/ridewithkornel.com\/en\/wp-json\/wp\/v2\/comments?post=541"}],"version-history":[{"count":196,"href":"https:\/\/ridewithkornel.com\/en\/wp-json\/wp\/v2\/pages\/541\/revisions"}],"predecessor-version":[{"id":3653,"href":"https:\/\/ridewithkornel.com\/en\/wp-json\/wp\/v2\/pages\/541\/revisions\/3653"}],"wp:attachment":[{"href":"https:\/\/ridewithkornel.com\/en\/wp-json\/wp\/v2\/media?parent=541"}],"curies":[{"name":"wp","href":"https:\/\/api.w.org\/{rel}","templated":true}]}}